{"id":245,"date":"2025-02-24T16:28:51","date_gmt":"2025-02-24T16:28:51","guid":{"rendered":"https:\/\/sklepgalerialandsberg.pl\/?page_id=245"},"modified":"2025-05-02T09:15:38","modified_gmt":"2025-05-02T09:15:38","slug":"information","status":"publish","type":"page","link":"https:\/\/sklepgalerialandsberg.pl\/index.php\/de\/information\/","title":{"rendered":"Information"},"content":{"rendered":"\n<p>Herzlich willkommen in meinem Online-Shop.<\/p>\n\n\n\n<p>Hier einige kurze Einf\u00fchrungsinformationen.<\/p>\n\n\n\n<p>Um mehr \u00fcber die Einzelheiten zu erfahren, lesen Sie bitte die Bestimmungen.<\/p>\n\n\n\n<p>Bei Fragen kontaktiere mich gerne per E-Mail oder Telefon, auch per WhatsApp bin ich f\u00fcr dich erreichbar.<\/p>\n\n\n\n<p>Ich lade Sie zu Facebook ein, wo ich Informationsfotos zu meinen Artikeln poste, aber ich verkaufe dort nichts und beteilige mich auch nicht an Gespr\u00e4chen. Das Gleiche gilt f\u00fcr Instagram.<\/p>\n\n\n\n<p>Um einen Kauf zu t\u00e4tigen, kontaktieren Sie uns bitte per E-Mail oder Telefon. So k\u00f6nnen wir die Einzelheiten der Bestellung kl\u00e4ren.<\/p>\n\n\n\n<p>Der Versand der gekauften Ware erfolgt innerhalb von drei Tagen nach Zahlungseingang auf das angegebene Konto. mBank 65114020040000390278206586 Shop Galeria Landsberg ul. Warschau 6 Gorzow Wlkp. 66-400<\/p>\n\n\n\n<p>Einen Kassenbon oder eine Rechnung lege ich der Bestellung nach vorheriger Absprache bei.<\/p>\n\n\n\n<p>Die Zustellung von Bestellungen \u00fcber einhundert Zloty \u00fcber den InPost-Dienst ist \u2013 bei pers\u00f6nlicher Abholung an einem Paketautomaten \u2013 kostenlos.<\/p>\n\n\n\n<p>Jede andere Versandart nach vorheriger Absprache wird nach Tarif des Spediteurs berechnet und geht zu Lasten des Bestellers.<\/p>\n\n\n\n<p>Eine kostenlose Selbstabholung im station\u00e4ren Handel ist m\u00f6glich.<\/p>\n\n\n\n<p>Bei Bestellungen \u00fcber f\u00fcnfhundert Zloty ist eine Preisverhandlung m\u00f6glich.<\/p>\n\n\n\n<p>F\u00fcr Stammkunden werden Rabatte gew\u00e4hrt.<\/p>\n\n\n\n<p>Unberechtigte R\u00fccksendungen gehen zu Lasten des Kunden.<\/p>\n\n\n\n<p>Bei den angegebenen Preisen handelt es sich um Bruttopreise.<\/p>\n\n\n\n<p>Ich lade Liebhaber des Schreibwareneinkaufs in mein Schreibwarengesch\u00e4ft in Gorz\u00f3w Wielkopolski in der Ul. ein. Warszawska 6.<\/p>\n\n\n\n<p>Ge\u00f6ffnet von Montag bis Freitag von 10 bis 17 Uhr.<\/p>\n\n\n\n<p>Einkaufsm\u00f6glichkeit auch samstags nach telefonischer Voranmeldung.<\/p>\n\n\n\n<p>Ich lade Sie herzlich ein.<\/p>\n","protected":false},"excerpt":{"rendered":"<p>Herzlich willkommen in meinem Online-Shop. Hier einige kurze Einf\u00fchrungsinformationen. Um mehr \u00fcber die Einzelheiten zu erfahren, lesen Sie bitte die Bestimmungen. Bei Fragen kontaktiere mich gerne per E-Mail oder Telefon, auch per WhatsApp bin ich f\u00fcr dich erreichbar. Ich lade Sie zu Facebook ein, wo ich Informationsfotos zu meinen Artikeln poste, aber ich verkaufe dort &hellip; <\/p>\n<p class=\"link-more\"><a href=\"https:\/\/sklepgalerialandsberg.pl\/index.php\/de\/information\/\" class=\"more-link\">Czytaj dalej<span class=\"screen-reader-text\"> \u201eInformation\u201d<\/span><\/a><\/p>\n","protected":false},"author":1,"featured_media":0,"parent":0,"menu_order":5,"comment_status":"closed","ping_status":"closed","template":"","meta":{"cybocfi_hide_featured_image":"","footnotes":""},"class_list":["post-245","page","type-page","status-publish","hentry"],"rttpg_featured_image_url":null,"rttpg_author":{"display_name":"admin9945","author_link":"https:\/\/sklepgalerialandsberg.pl\/index.php\/author\/admin9945\/"},"rttpg_comment":0,"rttpg_category":" <a href=\"https:\/\/sklepgalerialandsberg.pl\/index.php\/de\/\" rel=\"tag\">Deutsch<\/a>","rttpg_excerpt":"Herzlich willkommen in meinem Online-Shop. Hier einige kurze Einf\u00fchrungsinformationen. Um mehr \u00fcber die Einzelheiten zu erfahren, lesen Sie bitte die Bestimmungen. Bei Fragen kontaktiere mich gerne per E-Mail oder Telefon, auch per WhatsApp bin ich f\u00fcr dich erreichbar. Ich lade Sie zu Facebook ein, wo ich Informationsfotos zu meinen Artikeln poste, aber ich verkaufe dort&hellip;","_links":{"self":[{"href":"https:\/\/sklepgalerialandsberg.pl\/index.php\/wp-json\/wp\/v2\/pages\/245","targetHints":{"allow":["GET"]}}],"collection":[{"href":"https:\/\/sklepgalerialandsberg.pl\/index.php\/wp-json\/wp\/v2\/pages"}],"about":[{"href":"https:\/\/sklepgalerialandsberg.pl\/index.php\/wp-json\/wp\/v2\/types\/page"}],"author":[{"embeddable":true,"href":"https:\/\/sklepgalerialandsberg.pl\/index.php\/wp-json\/wp\/v2\/users\/1"}],"replies":[{"embeddable":true,"href":"https:\/\/sklepgalerialandsberg.pl\/index.php\/wp-json\/wp\/v2\/comments?post=245"}],"version-history":[{"count":0,"href":"https:\/\/sklepgalerialandsberg.pl\/index.php\/wp-json\/wp\/v2\/pages\/245\/revisions"}],"wp:attachment":[{"href":"https:\/\/sklepgalerialandsberg.pl\/index.php\/wp-json\/wp\/v2\/media?parent=245"}],"curies":[{"name":"wp","href":"https:\/\/api.w.org\/{rel}","templated":true}]}}