{"id":250,"date":"2025-02-24T16:41:01","date_gmt":"2025-02-24T16:41:01","guid":{"rendered":"https:\/\/sklepgalerialandsberg.pl\/?page_id=250"},"modified":"2025-04-17T17:39:13","modified_gmt":"2025-04-17T17:39:13","slug":"strona-w-trakcie-zakladania","status":"publish","type":"page","link":"https:\/\/sklepgalerialandsberg.pl\/index.php\/de\/strona-w-trakcie-zakladania\/","title":{"rendered":"Strona w trakcie zak\u0142adania"},"content":{"rendered":"\n<p>Das Gesch\u00e4ft der Galeria Landsberg ist eine Anspielung auf die Geschichte, ein Respekt vor dem Vergehen der Zeit und eine Liebe zur Sch\u00f6nheit. All dies und noch viel mehr finden Sie in meinem Shop.<\/p>\n\n\n\n<figure class=\"wp-block-gallery has-nested-images columns-default is-cropped wp-block-gallery-1 is-layout-flex wp-block-gallery-is-layout-flex\">\n<figure class=\"wp-block-image size-large\"><img loading=\"lazy\" decoding=\"async\" width=\"845\" height=\"1024\" data-id=\"264\" src=\"https:\/\/sklepgalerialandsberg.pl\/wp-content\/uploads\/2025\/02\/1-3-845x1024.jpg\" alt=\"\" class=\"wp-image-264\" srcset=\"https:\/\/sklepgalerialandsberg.pl\/wp-content\/uploads\/2025\/02\/1-3-845x1024.jpg 845w, https:\/\/sklepgalerialandsberg.pl\/wp-content\/uploads\/2025\/02\/1-3-165x200.jpg 165w, https:\/\/sklepgalerialandsberg.pl\/wp-content\/uploads\/2025\/02\/1-3-768x931.jpg 768w, https:\/\/sklepgalerialandsberg.pl\/wp-content\/uploads\/2025\/02\/1-3-1267x1536.jpg 1267w, https:\/\/sklepgalerialandsberg.pl\/wp-content\/uploads\/2025\/02\/1-3-247x300.jpg 247w, https:\/\/sklepgalerialandsberg.pl\/wp-content\/uploads\/2025\/02\/1-3.jpg 1689w\" sizes=\"auto, (max-width: 767px) 89vw, (max-width: 1000px) 54vw, (max-width: 1071px) 543px, 580px\" \/><\/figure>\n\n\n\n<figure class=\"wp-block-image size-large\"><img loading=\"lazy\" decoding=\"async\" width=\"500\" height=\"672\" data-id=\"266\" src=\"https:\/\/sklepgalerialandsberg.pl\/wp-content\/uploads\/2025\/02\/2-2.png\" alt=\"\" class=\"wp-image-266\" srcset=\"https:\/\/sklepgalerialandsberg.pl\/wp-content\/uploads\/2025\/02\/2-2.png 500w, https:\/\/sklepgalerialandsberg.pl\/wp-content\/uploads\/2025\/02\/2-2-149x200.png 149w, https:\/\/sklepgalerialandsberg.pl\/wp-content\/uploads\/2025\/02\/2-2-223x300.png 223w\" sizes=\"auto, (max-width: 500px) 100vw, 500px\" \/><\/figure>\n\n\n\n<figure class=\"wp-block-image size-large\"><img loading=\"lazy\" decoding=\"async\" width=\"768\" height=\"1024\" data-id=\"263\" src=\"https:\/\/sklepgalerialandsberg.pl\/wp-content\/uploads\/2025\/02\/3-768x1024.jpg\" alt=\"\" class=\"wp-image-263\" srcset=\"https:\/\/sklepgalerialandsberg.pl\/wp-content\/uploads\/2025\/02\/3-768x1024.jpg 768w, https:\/\/sklepgalerialandsberg.pl\/wp-content\/uploads\/2025\/02\/3-150x200.jpg 150w, https:\/\/sklepgalerialandsberg.pl\/wp-content\/uploads\/2025\/02\/3-1152x1536.jpg 1152w, https:\/\/sklepgalerialandsberg.pl\/wp-content\/uploads\/2025\/02\/3-225x300.jpg 225w, https:\/\/sklepgalerialandsberg.pl\/wp-content\/uploads\/2025\/02\/3.jpg 1536w\" sizes=\"auto, (max-width: 767px) 89vw, (max-width: 1000px) 54vw, (max-width: 1071px) 543px, 580px\" \/><\/figure>\n\n\n\n<figure class=\"wp-block-image size-large\"><img loading=\"lazy\" decoding=\"async\" width=\"1024\" height=\"870\" data-id=\"265\" src=\"https:\/\/sklepgalerialandsberg.pl\/wp-content\/uploads\/2025\/02\/4-1024x870.jpg\" alt=\"\" class=\"wp-image-265\" srcset=\"https:\/\/sklepgalerialandsberg.pl\/wp-content\/uploads\/2025\/02\/4-1024x870.jpg 1024w, https:\/\/sklepgalerialandsberg.pl\/wp-content\/uploads\/2025\/02\/4-200x170.jpg 200w, https:\/\/sklepgalerialandsberg.pl\/wp-content\/uploads\/2025\/02\/4-768x652.jpg 768w, https:\/\/sklepgalerialandsberg.pl\/wp-content\/uploads\/2025\/02\/4-1536x1304.jpg 1536w, https:\/\/sklepgalerialandsberg.pl\/wp-content\/uploads\/2025\/02\/4-300x255.jpg 300w, https:\/\/sklepgalerialandsberg.pl\/wp-content\/uploads\/2025\/02\/4.jpg 2048w\" sizes=\"auto, (max-width: 767px) 89vw, (max-width: 1000px) 54vw, (max-width: 1071px) 543px, 580px\" \/><\/figure>\n<\/figure>\n\n\n\n<div class=\"wp-block-media-text is-stacked-on-mobile\"><figure class=\"wp-block-media-text__media\"><img loading=\"lazy\" decoding=\"async\" width=\"768\" height=\"652\" src=\"https:\/\/sklepgalerialandsberg.pl\/wp-content\/uploads\/2025\/02\/6.jpg\" alt=\"\" class=\"wp-image-262 size-full\" srcset=\"https:\/\/sklepgalerialandsberg.pl\/wp-content\/uploads\/2025\/02\/6.jpg 768w, https:\/\/sklepgalerialandsberg.pl\/wp-content\/uploads\/2025\/02\/6-200x170.jpg 200w, https:\/\/sklepgalerialandsberg.pl\/wp-content\/uploads\/2025\/02\/6-300x255.jpg 300w\" sizes=\"auto, (max-width: 767px) 89vw, (max-width: 1000px) 54vw, (max-width: 1071px) 543px, 580px\" \/><\/figure><div class=\"wp-block-media-text__content\">\n<p><\/p>\n<\/div><\/div>\n\n\n\n<p>Herzlich willkommen in meinem Online-Shop.<\/p>\n\n\n\n<p>Mein Name ist Irena Ma\u0142gorzata Kalka, allen bekannt als Ma\u0142gorzata.<\/p>\n\n\n\n<p>Seit mehreren Jahren, seit 2018, betreibe ich in Gorz\u00f3w Wielkopolski in der Warszawska-Stra\u00dfe 6 ein Schreibwarengesch\u00e4ft namens Galeria Landsberg.<\/p>\n\n\n\n<p>Im Zeitalter des Internets, das es Ihnen erm\u00f6glicht, sich \u00fcber Angebote auf dem Laufenden zu halten, ohne Ihr Zuhause verlassen zu m\u00fcssen, bin ich zu dem Schluss gekommen, dass es h\u00f6chste Zeit ist, Objekte mit Seele, die Bewunderung und vollen Respekt verdienen, mit der Welt zu teilen und zu zeigen.<\/p>\n\n\n\n<p>Ich biete Artikel aus verschiedenen Epochen, von bekannten und unbekannten Herstellern und Designern an. Gemeinsam ist ihnen, dass sie trotz der Zeit immer noch ihren einzigartigen Charme bewahren.<\/p>\n\n\n\n<p>Ich lade alle Liebhaber sch\u00f6ner Gegenst\u00e4nde mit Seele herzlich ein, aber auch alle Liebhaber von Gegenst\u00e4nden, die erst dann ihre eigene Geschichte schreiben, wenn sie Ihr Zuhause schm\u00fccken.<\/p>\n\n\n\n<p>Ich lade ein.<\/p>\n\n\n\n<p><\/p>\n","protected":false},"excerpt":{"rendered":"<p>Das Gesch\u00e4ft der Galeria Landsberg ist eine Anspielung auf die Geschichte, ein Respekt vor dem Vergehen der Zeit und eine Liebe zur Sch\u00f6nheit. All dies und noch viel mehr finden Sie in meinem Shop. Herzlich willkommen in meinem Online-Shop. Mein Name ist Irena Ma\u0142gorzata Kalka, allen bekannt als Ma\u0142gorzata. Seit mehreren Jahren, seit 2018, betreibe &hellip; <\/p>\n<p class=\"link-more\"><a href=\"https:\/\/sklepgalerialandsberg.pl\/index.php\/de\/strona-w-trakcie-zakladania\/\" class=\"more-link\">Czytaj dalej<span class=\"screen-reader-text\"> \u201eStrona w trakcie zak\u0142adania\u201d<\/span><\/a><\/p>\n","protected":false},"author":1,"featured_media":0,"parent":0,"menu_order":20,"comment_status":"closed","ping_status":"closed","template":"","meta":{"cybocfi_hide_featured_image":"","footnotes":""},"class_list":["post-250","page","type-page","status-publish","hentry"],"rttpg_featured_image_url":null,"rttpg_author":{"display_name":"admin9945","author_link":"https:\/\/sklepgalerialandsberg.pl\/index.php\/author\/admin9945\/"},"rttpg_comment":0,"rttpg_category":" <a href=\"https:\/\/sklepgalerialandsberg.pl\/index.php\/de\/\" rel=\"tag\">Deutsch<\/a>","rttpg_excerpt":"Das Gesch\u00e4ft der Galeria Landsberg ist eine Anspielung auf die Geschichte, ein Respekt vor dem Vergehen der Zeit und eine Liebe zur Sch\u00f6nheit. All dies und noch viel mehr finden Sie in meinem Shop. Herzlich willkommen in meinem Online-Shop. Mein Name ist Irena Ma\u0142gorzata Kalka, allen bekannt als Ma\u0142gorzata. Seit mehreren Jahren, seit 2018, betreibe&hellip;","_links":{"self":[{"href":"https:\/\/sklepgalerialandsberg.pl\/index.php\/wp-json\/wp\/v2\/pages\/250","targetHints":{"allow":["GET"]}}],"collection":[{"href":"https:\/\/sklepgalerialandsberg.pl\/index.php\/wp-json\/wp\/v2\/pages"}],"about":[{"href":"https:\/\/sklepgalerialandsberg.pl\/index.php\/wp-json\/wp\/v2\/types\/page"}],"author":[{"embeddable":true,"href":"https:\/\/sklepgalerialandsberg.pl\/index.php\/wp-json\/wp\/v2\/users\/1"}],"replies":[{"embeddable":true,"href":"https:\/\/sklepgalerialandsberg.pl\/index.php\/wp-json\/wp\/v2\/comments?post=250"}],"version-history":[{"count":0,"href":"https:\/\/sklepgalerialandsberg.pl\/index.php\/wp-json\/wp\/v2\/pages\/250\/revisions"}],"wp:attachment":[{"href":"https:\/\/sklepgalerialandsberg.pl\/index.php\/wp-json\/wp\/v2\/media?parent=250"}],"curies":[{"name":"wp","href":"https:\/\/api.w.org\/{rel}","templated":true}]}}