{"id":38,"date":"2024-08-07T17:47:24","date_gmt":"2024-08-07T17:47:24","guid":{"rendered":"http:\/\/sklepgalerialandsberg.pl\/?page_id=38"},"modified":"2026-03-06T10:16:55","modified_gmt":"2026-03-06T10:16:55","slug":"kontakt","status":"publish","type":"page","link":"https:\/\/sklepgalerialandsberg.pl\/index.php\/kontakt\/","title":{"rendered":"Kontakt"},"content":{"rendered":"\n<p><strong>Telefon:<\/strong> +48601993290<\/p>\n\n\n\n<p><strong>Mail:<\/strong> galerialandsberg@o2.pl<\/p>\n\n\n\n<h2 class=\"wp-block-heading\">Znajd\u017a mnie<\/h2>\n\n\n\n<p><strong>Adres<\/strong><br>ul. Warszawska 6<br>Gorz\u00f3w Wielkopolski, 66-400<\/p>\n\n\n\n<p><strong>Godziny otwarcia:<\/strong><br>Poniedzia\u0142ek\u2014pi\u0105tek: 10:00\u201317:00<\/p>\n\n\n\n<iframe src=\"https:\/\/www.google.com\/maps\/embed?pb=!1m18!1m12!1m3!1d2415.9813130291086!2d15.242211676242093!3d52.73252962047337!2m3!1f0!2f0!3f0!3m2!1i1024!2i768!4f13.1!3m3!1m2!1s0x47071ffa120ee62f%3A0x3338bd6b59f4ab85!2sSklep%20Galeria%20Landsberg!5e0!3m2!1spl!2spl!4v1745246485530!5m2!1spl!2spl\" width=\"600\" height=\"450\" style=\"border:0;\" allowfullscreen=\"\" loading=\"lazy\" referrerpolicy=\"no-referrer-when-downgrade\"><\/iframe>\n","protected":false},"excerpt":{"rendered":"<p>Telefon: +48601993290 Mail: galerialandsberg@o2.pl Znajd\u017a mnie Adresul. Warszawska 6Gorz\u00f3w Wielkopolski, 66-400 Godziny otwarcia:Poniedzia\u0142ek\u2014pi\u0105tek: 10:00\u201317:00<\/p>\n","protected":false},"author":1,"featured_media":0,"parent":0,"menu_order":6,"comment_status":"closed","ping_status":"closed","template":"","meta":{"cybocfi_hide_featured_image":"","footnotes":""},"class_list":["post-38","page","type-page","status-publish","hentry"],"rttpg_featured_image_url":null,"rttpg_author":{"display_name":"admin9945","author_link":"https:\/\/sklepgalerialandsberg.pl\/index.php\/author\/admin9945\/"},"rttpg_comment":0,"rttpg_category":" <a href=\"https:\/\/sklepgalerialandsberg.pl\/\" rel=\"tag\">Polski<\/a>","rttpg_excerpt":"Telefon: +48601993290 Mail: galerialandsberg@o2.pl Znajd\u017a mnie Adresul. Warszawska 6Gorz\u00f3w Wielkopolski, 66-400 Godziny otwarcia:Poniedzia\u0142ek\u2014pi\u0105tek: 10:00\u201317:00","_links":{"self":[{"href":"https:\/\/sklepgalerialandsberg.pl\/index.php\/wp-json\/wp\/v2\/pages\/38","targetHints":{"allow":["GET"]}}],"collection":[{"href":"https:\/\/sklepgalerialandsberg.pl\/index.php\/wp-json\/wp\/v2\/pages"}],"about":[{"href":"https:\/\/sklepgalerialandsberg.pl\/index.php\/wp-json\/wp\/v2\/types\/page"}],"author":[{"embeddable":true,"href":"https:\/\/sklepgalerialandsberg.pl\/index.php\/wp-json\/wp\/v2\/users\/1"}],"replies":[{"embeddable":true,"href":"https:\/\/sklepgalerialandsberg.pl\/index.php\/wp-json\/wp\/v2\/comments?post=38"}],"version-history":[{"count":2,"href":"https:\/\/sklepgalerialandsberg.pl\/index.php\/wp-json\/wp\/v2\/pages\/38\/revisions"}],"predecessor-version":[{"id":3331,"href":"https:\/\/sklepgalerialandsberg.pl\/index.php\/wp-json\/wp\/v2\/pages\/38\/revisions\/3331"}],"wp:attachment":[{"href":"https:\/\/sklepgalerialandsberg.pl\/index.php\/wp-json\/wp\/v2\/media?parent=38"}],"curies":[{"name":"wp","href":"https:\/\/api.w.org\/{rel}","templated":true}]}}