{"id":39,"date":"2024-08-07T17:47:24","date_gmt":"2024-08-07T17:47:24","guid":{"rendered":"http:\/\/sklepgalerialandsberg.pl\/?page_id=39"},"modified":"2025-06-20T14:09:21","modified_gmt":"2025-06-20T14:09:21","slug":"blog","status":"publish","type":"page","link":"https:\/\/sklepgalerialandsberg.pl\/index.php\/blog\/","title":{"rendered":"Informacje"},"content":{"rendered":"\n<p>Witam w moim internetowym Sklepiku.<\/p>\n\n\n\n<p>Oto kilka kr\u00f3tkich informacji zapoznawczych. <\/p>\n\n\n\n<p>Aby zapozna\u0107 si\u0119 ze szczeg\u00f3\u0142owymi informacjami zapraszam do zapoznaniem si\u0119 z regulaminem. <\/p>\n\n\n\n<p>W razie pyta\u0144 prosz\u0119 o kontakt mailowy, telefoniczny oraz dost\u0119pna jestem r\u00f3wnie\u017c na WhatsApp. <\/p>\n\n\n\n<p>Zapraszam na Facebook gdzie umieszczam informacyjnie zdj\u0119cia moich przedmiot\u00f3w lecz nie prowadz\u0119 tam sprzeda\u017cy ani konwersacji. To samo dotyczy Instagram. <\/p>\n\n\n\n<p><\/p>\n\n\n\n<p>W celu dokonania zakupu prosz\u0119 o kontakt mailowy lub telefoniczny poprzez kt\u00f3ry to b\u0119dzie mo\u017cna sprecyzowa\u0107 szczeg\u00f3\u0142y zam\u00f3wienie. Dla lepszego zobrazowania produktu istnieje mo\u017cliwo\u015b\u0107 wykonania wi\u0119kszej ilo\u015bci fotek lub filmiku poprzez aplikacje WhatsApp.<\/p>\n\n\n\n<p>Wysy\u0142ka zakupionego towaru nast\u0105pi w terminie trzech dni po uregulowaniu p\u0142atno\u015bci na podane konto. mBank 65114020040000390278206586 Sklep Galeria Landsberg ul. Warszawska 6 Gorz\u00f3w Wlkp. 66-400<\/p>\n\n\n\n<p>Do zam\u00f3wienia do\u0142\u0105czam paragon z kasy fiskalnej lub faktur\u0119 po wcze\u015bniejszym ustaleniu. <\/p>\n\n\n\n<p>Dostarczenie zam\u00f3wienia powy\u017cej stu z\u0142otych realizowane za po\u015brednictwem us\u0142ugi InPost -przy odbiorze osobistym w paczkomacie jest gratis.<\/p>\n\n\n\n<p>Ka\u017cda inna forma przesy\u0142ki po wcze\u015bniejszym ustaleniu b\u0119dzie naliczana wed\u0142ug taryfy przewo\u017anika i ponoszona przez zamawiaj\u0105cego. <\/p>\n\n\n\n<p> Istnieje mo\u017cliwo\u015b\u0107 bezp\u0142atnego odbioru osobistego w sklepie stacjonarnym.<\/p>\n\n\n\n<p> Przy zam\u00f3wieniu powy\u017cej pi\u0119ciuset z\u0142otych istnieje mo\u017cliwo\u015b\u0107 negocjacji ceny. <\/p>\n\n\n\n<p>Dla sta\u0142ych klient\u00f3w przewidziane s\u0105 rabaty. <\/p>\n\n\n\n<p>Nie uzasadnione zwroty pokrywa zamawiaj\u0105cy.<\/p>\n\n\n\n<p>Ceny podane s\u0105 cenami brutto.<\/p>\n\n\n\n<p><\/p>\n\n\n\n<p>Mi\u0142o\u015bnik\u00f3w zakup\u00f3w stacjonarnych zapraszam do mojego sklepu stacjonarnego znajduj\u0105cego si\u0119 w Gorzowie Wielkopolskim przy ulicy Warszawska 6.<\/p>\n\n\n\n<p> Czynny od poniedzia\u0142ku do pi\u0105tku w godzinach od 10 do 17. <\/p>\n\n\n\n<p>Mo\u017cliwo\u015b\u0107 zakup\u00f3w w soboty po wcze\u015bniejszym telefonicznym um\u00f3wieniu.<\/p>\n\n\n\n<p>Zapraszam serdecznie.<\/p>\n\n\n\n<figure class=\"wp-block-gallery has-nested-images columns-default is-cropped wp-block-gallery-1 is-layout-flex wp-block-gallery-is-layout-flex\">\n<figure class=\"wp-block-image size-large is-style-zoooom\"><img loading=\"lazy\" decoding=\"async\" width=\"113\" height=\"200\" data-id=\"1854\" src=\"https:\/\/sklepgalerialandsberg.pl\/wp-content\/uploads\/2025\/06\/Zdjecie-WhatsApp-2025-06-20-o-13.36.25_93b0c800-113x200.jpg\" alt=\"\" class=\"wp-image-1854\" srcset=\"https:\/\/sklepgalerialandsberg.pl\/wp-content\/uploads\/2025\/06\/Zdjecie-WhatsApp-2025-06-20-o-13.36.25_93b0c800-113x200.jpg 113w, https:\/\/sklepgalerialandsberg.pl\/wp-content\/uploads\/2025\/06\/Zdjecie-WhatsApp-2025-06-20-o-13.36.25_93b0c800-768x1365.jpg 768w, https:\/\/sklepgalerialandsberg.pl\/wp-content\/uploads\/2025\/06\/Zdjecie-WhatsApp-2025-06-20-o-13.36.25_93b0c800-864x1536.jpg 864w, https:\/\/sklepgalerialandsberg.pl\/wp-content\/uploads\/2025\/06\/Zdjecie-WhatsApp-2025-06-20-o-13.36.25_93b0c800.jpg 1080w\" sizes=\"auto, (max-width: 113px) 100vw, 113px\" \/><\/figure>\n\n\n\n<figure class=\"wp-block-image size-large is-style-zoooom\"><img loading=\"lazy\" decoding=\"async\" width=\"113\" height=\"200\" data-id=\"1867\" src=\"https:\/\/sklepgalerialandsberg.pl\/wp-content\/uploads\/2025\/06\/Zdjecie-WhatsApp-2025-06-20-o-13.36.39_bcdd5a28-113x200.jpg\" alt=\"\" class=\"wp-image-1867\" srcset=\"https:\/\/sklepgalerialandsberg.pl\/wp-content\/uploads\/2025\/06\/Zdjecie-WhatsApp-2025-06-20-o-13.36.39_bcdd5a28-113x200.jpg 113w, https:\/\/sklepgalerialandsberg.pl\/wp-content\/uploads\/2025\/06\/Zdjecie-WhatsApp-2025-06-20-o-13.36.39_bcdd5a28-768x1365.jpg 768w, https:\/\/sklepgalerialandsberg.pl\/wp-content\/uploads\/2025\/06\/Zdjecie-WhatsApp-2025-06-20-o-13.36.39_bcdd5a28-864x1536.jpg 864w, https:\/\/sklepgalerialandsberg.pl\/wp-content\/uploads\/2025\/06\/Zdjecie-WhatsApp-2025-06-20-o-13.36.39_bcdd5a28.jpg 1080w\" sizes=\"auto, (max-width: 113px) 100vw, 113px\" \/><\/figure>\n\n\n\n<figure class=\"wp-block-image size-large is-style-zoooom\"><img loading=\"lazy\" decoding=\"async\" width=\"113\" height=\"200\" data-id=\"1855\" src=\"https:\/\/sklepgalerialandsberg.pl\/wp-content\/uploads\/2025\/06\/Zdjecie-WhatsApp-2025-06-20-o-13.38.52_654858db-113x200.jpg\" alt=\"\" class=\"wp-image-1855\" srcset=\"https:\/\/sklepgalerialandsberg.pl\/wp-content\/uploads\/2025\/06\/Zdjecie-WhatsApp-2025-06-20-o-13.38.52_654858db-113x200.jpg 113w, https:\/\/sklepgalerialandsberg.pl\/wp-content\/uploads\/2025\/06\/Zdjecie-WhatsApp-2025-06-20-o-13.38.52_654858db-768x1365.jpg 768w, https:\/\/sklepgalerialandsberg.pl\/wp-content\/uploads\/2025\/06\/Zdjecie-WhatsApp-2025-06-20-o-13.38.52_654858db-864x1536.jpg 864w, https:\/\/sklepgalerialandsberg.pl\/wp-content\/uploads\/2025\/06\/Zdjecie-WhatsApp-2025-06-20-o-13.38.52_654858db.jpg 1080w\" sizes=\"auto, (max-width: 113px) 100vw, 113px\" \/><\/figure>\n\n\n\n<figure class=\"wp-block-image size-large is-style-zoooom\"><img loading=\"lazy\" decoding=\"async\" width=\"113\" height=\"200\" data-id=\"1862\" src=\"https:\/\/sklepgalerialandsberg.pl\/wp-content\/uploads\/2025\/06\/Zdjecie-WhatsApp-2025-06-20-o-13.41.10_8ab33619-113x200.jpg\" alt=\"\" class=\"wp-image-1862\" srcset=\"https:\/\/sklepgalerialandsberg.pl\/wp-content\/uploads\/2025\/06\/Zdjecie-WhatsApp-2025-06-20-o-13.41.10_8ab33619-113x200.jpg 113w, https:\/\/sklepgalerialandsberg.pl\/wp-content\/uploads\/2025\/06\/Zdjecie-WhatsApp-2025-06-20-o-13.41.10_8ab33619-768x1365.jpg 768w, https:\/\/sklepgalerialandsberg.pl\/wp-content\/uploads\/2025\/06\/Zdjecie-WhatsApp-2025-06-20-o-13.41.10_8ab33619-864x1536.jpg 864w, https:\/\/sklepgalerialandsberg.pl\/wp-content\/uploads\/2025\/06\/Zdjecie-WhatsApp-2025-06-20-o-13.41.10_8ab33619.jpg 1080w\" sizes=\"auto, (max-width: 113px) 100vw, 113px\" \/><\/figure>\n\n\n\n<figure class=\"wp-block-image size-large is-style-zoooom\"><img loading=\"lazy\" decoding=\"async\" width=\"113\" height=\"200\" data-id=\"1856\" src=\"https:\/\/sklepgalerialandsberg.pl\/wp-content\/uploads\/2025\/06\/Zdjecie-WhatsApp-2025-06-20-o-13.41.31_92aef363-113x200.jpg\" alt=\"\" class=\"wp-image-1856\" srcset=\"https:\/\/sklepgalerialandsberg.pl\/wp-content\/uploads\/2025\/06\/Zdjecie-WhatsApp-2025-06-20-o-13.41.31_92aef363-113x200.jpg 113w, https:\/\/sklepgalerialandsberg.pl\/wp-content\/uploads\/2025\/06\/Zdjecie-WhatsApp-2025-06-20-o-13.41.31_92aef363-768x1365.jpg 768w, https:\/\/sklepgalerialandsberg.pl\/wp-content\/uploads\/2025\/06\/Zdjecie-WhatsApp-2025-06-20-o-13.41.31_92aef363-864x1536.jpg 864w, https:\/\/sklepgalerialandsberg.pl\/wp-content\/uploads\/2025\/06\/Zdjecie-WhatsApp-2025-06-20-o-13.41.31_92aef363.jpg 1080w\" sizes=\"auto, (max-width: 113px) 100vw, 113px\" \/><\/figure>\n\n\n\n<figure class=\"wp-block-image size-large is-style-zoooom\"><img loading=\"lazy\" decoding=\"async\" width=\"113\" height=\"200\" data-id=\"1864\" src=\"https:\/\/sklepgalerialandsberg.pl\/wp-content\/uploads\/2025\/06\/Zdjecie-WhatsApp-2025-06-20-o-13.43.11_186f5a80-113x200.jpg\" alt=\"\" class=\"wp-image-1864\" srcset=\"https:\/\/sklepgalerialandsberg.pl\/wp-content\/uploads\/2025\/06\/Zdjecie-WhatsApp-2025-06-20-o-13.43.11_186f5a80-113x200.jpg 113w, https:\/\/sklepgalerialandsberg.pl\/wp-content\/uploads\/2025\/06\/Zdjecie-WhatsApp-2025-06-20-o-13.43.11_186f5a80-768x1365.jpg 768w, https:\/\/sklepgalerialandsberg.pl\/wp-content\/uploads\/2025\/06\/Zdjecie-WhatsApp-2025-06-20-o-13.43.11_186f5a80-864x1536.jpg 864w, https:\/\/sklepgalerialandsberg.pl\/wp-content\/uploads\/2025\/06\/Zdjecie-WhatsApp-2025-06-20-o-13.43.11_186f5a80.jpg 1080w\" sizes=\"auto, (max-width: 113px) 100vw, 113px\" \/><\/figure>\n\n\n\n<figure class=\"wp-block-image size-large is-style-zoooom\"><img loading=\"lazy\" decoding=\"async\" width=\"113\" height=\"200\" data-id=\"1859\" src=\"https:\/\/sklepgalerialandsberg.pl\/wp-content\/uploads\/2025\/06\/Zdjecie-WhatsApp-2025-06-20-o-13.43.26_3a7fa6dd-113x200.jpg\" alt=\"\" class=\"wp-image-1859\" srcset=\"https:\/\/sklepgalerialandsberg.pl\/wp-content\/uploads\/2025\/06\/Zdjecie-WhatsApp-2025-06-20-o-13.43.26_3a7fa6dd-113x200.jpg 113w, https:\/\/sklepgalerialandsberg.pl\/wp-content\/uploads\/2025\/06\/Zdjecie-WhatsApp-2025-06-20-o-13.43.26_3a7fa6dd-768x1365.jpg 768w, https:\/\/sklepgalerialandsberg.pl\/wp-content\/uploads\/2025\/06\/Zdjecie-WhatsApp-2025-06-20-o-13.43.26_3a7fa6dd-864x1536.jpg 864w, https:\/\/sklepgalerialandsberg.pl\/wp-content\/uploads\/2025\/06\/Zdjecie-WhatsApp-2025-06-20-o-13.43.26_3a7fa6dd.jpg 1080w\" sizes=\"auto, (max-width: 113px) 100vw, 113px\" \/><\/figure>\n\n\n\n<figure class=\"wp-block-image size-large is-style-zoooom\"><img loading=\"lazy\" decoding=\"async\" width=\"113\" height=\"200\" data-id=\"1857\" src=\"https:\/\/sklepgalerialandsberg.pl\/wp-content\/uploads\/2025\/06\/Zdjecie-WhatsApp-2025-06-20-o-13.44.30_ba174e1a-113x200.jpg\" alt=\"\" class=\"wp-image-1857\" srcset=\"https:\/\/sklepgalerialandsberg.pl\/wp-content\/uploads\/2025\/06\/Zdjecie-WhatsApp-2025-06-20-o-13.44.30_ba174e1a-113x200.jpg 113w, https:\/\/sklepgalerialandsberg.pl\/wp-content\/uploads\/2025\/06\/Zdjecie-WhatsApp-2025-06-20-o-13.44.30_ba174e1a-768x1365.jpg 768w, https:\/\/sklepgalerialandsberg.pl\/wp-content\/uploads\/2025\/06\/Zdjecie-WhatsApp-2025-06-20-o-13.44.30_ba174e1a-864x1536.jpg 864w, https:\/\/sklepgalerialandsberg.pl\/wp-content\/uploads\/2025\/06\/Zdjecie-WhatsApp-2025-06-20-o-13.44.30_ba174e1a.jpg 1080w\" sizes=\"auto, (max-width: 113px) 100vw, 113px\" \/><\/figure>\n\n\n\n<figure class=\"wp-block-image size-large is-style-zoooom\"><img loading=\"lazy\" decoding=\"async\" width=\"113\" height=\"200\" data-id=\"1861\" src=\"https:\/\/sklepgalerialandsberg.pl\/wp-content\/uploads\/2025\/06\/Zdjecie-WhatsApp-2025-06-20-o-13.45.17_b4bc7d45-113x200.jpg\" alt=\"\" class=\"wp-image-1861\" srcset=\"https:\/\/sklepgalerialandsberg.pl\/wp-content\/uploads\/2025\/06\/Zdjecie-WhatsApp-2025-06-20-o-13.45.17_b4bc7d45-113x200.jpg 113w, https:\/\/sklepgalerialandsberg.pl\/wp-content\/uploads\/2025\/06\/Zdjecie-WhatsApp-2025-06-20-o-13.45.17_b4bc7d45-768x1365.jpg 768w, https:\/\/sklepgalerialandsberg.pl\/wp-content\/uploads\/2025\/06\/Zdjecie-WhatsApp-2025-06-20-o-13.45.17_b4bc7d45-864x1536.jpg 864w, https:\/\/sklepgalerialandsberg.pl\/wp-content\/uploads\/2025\/06\/Zdjecie-WhatsApp-2025-06-20-o-13.45.17_b4bc7d45.jpg 1080w\" sizes=\"auto, (max-width: 113px) 100vw, 113px\" \/><\/figure>\n\n\n\n<figure class=\"wp-block-image size-large is-style-zoooom\"><img loading=\"lazy\" decoding=\"async\" width=\"113\" height=\"200\" data-id=\"1865\" src=\"https:\/\/sklepgalerialandsberg.pl\/wp-content\/uploads\/2025\/06\/Zdjecie-WhatsApp-2025-06-20-o-13.45.50_1311e551-113x200.jpg\" alt=\"\" class=\"wp-image-1865\" srcset=\"https:\/\/sklepgalerialandsberg.pl\/wp-content\/uploads\/2025\/06\/Zdjecie-WhatsApp-2025-06-20-o-13.45.50_1311e551-113x200.jpg 113w, https:\/\/sklepgalerialandsberg.pl\/wp-content\/uploads\/2025\/06\/Zdjecie-WhatsApp-2025-06-20-o-13.45.50_1311e551-768x1365.jpg 768w, https:\/\/sklepgalerialandsberg.pl\/wp-content\/uploads\/2025\/06\/Zdjecie-WhatsApp-2025-06-20-o-13.45.50_1311e551-864x1536.jpg 864w, https:\/\/sklepgalerialandsberg.pl\/wp-content\/uploads\/2025\/06\/Zdjecie-WhatsApp-2025-06-20-o-13.45.50_1311e551.jpg 1080w\" sizes=\"auto, (max-width: 113px) 100vw, 113px\" \/><\/figure>\n\n\n\n<figure class=\"wp-block-image size-large is-style-zoooom\"><img loading=\"lazy\" decoding=\"async\" width=\"113\" height=\"200\" data-id=\"1863\" src=\"https:\/\/sklepgalerialandsberg.pl\/wp-content\/uploads\/2025\/06\/Zdjecie-WhatsApp-2025-06-20-o-13.46.05_3d1169bb-113x200.jpg\" alt=\"\" class=\"wp-image-1863\" srcset=\"https:\/\/sklepgalerialandsberg.pl\/wp-content\/uploads\/2025\/06\/Zdjecie-WhatsApp-2025-06-20-o-13.46.05_3d1169bb-113x200.jpg 113w, https:\/\/sklepgalerialandsberg.pl\/wp-content\/uploads\/2025\/06\/Zdjecie-WhatsApp-2025-06-20-o-13.46.05_3d1169bb-768x1365.jpg 768w, https:\/\/sklepgalerialandsberg.pl\/wp-content\/uploads\/2025\/06\/Zdjecie-WhatsApp-2025-06-20-o-13.46.05_3d1169bb-864x1536.jpg 864w, https:\/\/sklepgalerialandsberg.pl\/wp-content\/uploads\/2025\/06\/Zdjecie-WhatsApp-2025-06-20-o-13.46.05_3d1169bb.jpg 1080w\" sizes=\"auto, (max-width: 113px) 100vw, 113px\" \/><\/figure>\n\n\n\n<figure class=\"wp-block-image size-large is-style-zoooom\"><img loading=\"lazy\" decoding=\"async\" width=\"113\" height=\"200\" data-id=\"1858\" src=\"https:\/\/sklepgalerialandsberg.pl\/wp-content\/uploads\/2025\/06\/Zdjecie-WhatsApp-2025-06-20-o-13.46.41_07206151-113x200.jpg\" alt=\"\" class=\"wp-image-1858\" srcset=\"https:\/\/sklepgalerialandsberg.pl\/wp-content\/uploads\/2025\/06\/Zdjecie-WhatsApp-2025-06-20-o-13.46.41_07206151-113x200.jpg 113w, https:\/\/sklepgalerialandsberg.pl\/wp-content\/uploads\/2025\/06\/Zdjecie-WhatsApp-2025-06-20-o-13.46.41_07206151-768x1365.jpg 768w, https:\/\/sklepgalerialandsberg.pl\/wp-content\/uploads\/2025\/06\/Zdjecie-WhatsApp-2025-06-20-o-13.46.41_07206151-864x1536.jpg 864w, https:\/\/sklepgalerialandsberg.pl\/wp-content\/uploads\/2025\/06\/Zdjecie-WhatsApp-2025-06-20-o-13.46.41_07206151.jpg 1080w\" sizes=\"auto, (max-width: 113px) 100vw, 113px\" \/><\/figure>\n\n\n\n<figure class=\"wp-block-image size-large is-style-zoooom\"><img loading=\"lazy\" decoding=\"async\" width=\"113\" height=\"200\" data-id=\"1860\" src=\"https:\/\/sklepgalerialandsberg.pl\/wp-content\/uploads\/2025\/06\/Zdjecie-WhatsApp-2025-06-20-o-13.47.31_e55407ef-113x200.jpg\" alt=\"\" class=\"wp-image-1860\" srcset=\"https:\/\/sklepgalerialandsberg.pl\/wp-content\/uploads\/2025\/06\/Zdjecie-WhatsApp-2025-06-20-o-13.47.31_e55407ef-113x200.jpg 113w, https:\/\/sklepgalerialandsberg.pl\/wp-content\/uploads\/2025\/06\/Zdjecie-WhatsApp-2025-06-20-o-13.47.31_e55407ef-768x1365.jpg 768w, https:\/\/sklepgalerialandsberg.pl\/wp-content\/uploads\/2025\/06\/Zdjecie-WhatsApp-2025-06-20-o-13.47.31_e55407ef-864x1536.jpg 864w, https:\/\/sklepgalerialandsberg.pl\/wp-content\/uploads\/2025\/06\/Zdjecie-WhatsApp-2025-06-20-o-13.47.31_e55407ef.jpg 1080w\" sizes=\"auto, (max-width: 113px) 100vw, 113px\" \/><\/figure>\n\n\n\n<figure class=\"wp-block-image size-large\"><img loading=\"lazy\" decoding=\"async\" width=\"113\" height=\"200\" data-id=\"1869\" src=\"https:\/\/sklepgalerialandsberg.pl\/wp-content\/uploads\/2025\/06\/Zdjecie-WhatsApp-2025-06-20-o-13.40.47_c6e8f112-113x200.jpg\" alt=\"\" class=\"wp-image-1869\" srcset=\"https:\/\/sklepgalerialandsberg.pl\/wp-content\/uploads\/2025\/06\/Zdjecie-WhatsApp-2025-06-20-o-13.40.47_c6e8f112-113x200.jpg 113w, https:\/\/sklepgalerialandsberg.pl\/wp-content\/uploads\/2025\/06\/Zdjecie-WhatsApp-2025-06-20-o-13.40.47_c6e8f112-768x1365.jpg 768w, https:\/\/sklepgalerialandsberg.pl\/wp-content\/uploads\/2025\/06\/Zdjecie-WhatsApp-2025-06-20-o-13.40.47_c6e8f112-864x1536.jpg 864w, https:\/\/sklepgalerialandsberg.pl\/wp-content\/uploads\/2025\/06\/Zdjecie-WhatsApp-2025-06-20-o-13.40.47_c6e8f112.jpg 1080w\" sizes=\"auto, (max-width: 113px) 100vw, 113px\" \/><\/figure>\n\n\n\n<figure class=\"wp-block-image size-large is-style-zoooom\"><img loading=\"lazy\" decoding=\"async\" width=\"113\" height=\"200\" data-id=\"1870\" src=\"https:\/\/sklepgalerialandsberg.pl\/wp-content\/uploads\/2025\/06\/Zdjecie-WhatsApp-2025-06-20-o-13.47.08_878a8af6-113x200.jpg\" alt=\"\" class=\"wp-image-1870\" srcset=\"https:\/\/sklepgalerialandsberg.pl\/wp-content\/uploads\/2025\/06\/Zdjecie-WhatsApp-2025-06-20-o-13.47.08_878a8af6-113x200.jpg 113w, https:\/\/sklepgalerialandsberg.pl\/wp-content\/uploads\/2025\/06\/Zdjecie-WhatsApp-2025-06-20-o-13.47.08_878a8af6-768x1365.jpg 768w, https:\/\/sklepgalerialandsberg.pl\/wp-content\/uploads\/2025\/06\/Zdjecie-WhatsApp-2025-06-20-o-13.47.08_878a8af6-864x1536.jpg 864w, https:\/\/sklepgalerialandsberg.pl\/wp-content\/uploads\/2025\/06\/Zdjecie-WhatsApp-2025-06-20-o-13.47.08_878a8af6.jpg 1080w\" sizes=\"auto, (max-width: 113px) 100vw, 113px\" \/><\/figure>\n<\/figure>\n\n\n\n<p><\/p>\n","protected":false},"excerpt":{"rendered":"<p>Witam w moim internetowym Sklepiku. Oto kilka kr\u00f3tkich informacji zapoznawczych. Aby zapozna\u0107 si\u0119 ze szczeg\u00f3\u0142owymi informacjami zapraszam do zapoznaniem si\u0119 z regulaminem. W razie pyta\u0144 prosz\u0119 o kontakt mailowy, telefoniczny oraz dost\u0119pna jestem r\u00f3wnie\u017c na WhatsApp. Zapraszam na Facebook gdzie umieszczam informacyjnie zdj\u0119cia moich przedmiot\u00f3w lecz nie prowadz\u0119 tam sprzeda\u017cy ani konwersacji. To samo dotyczy &hellip; <\/p>\n<p class=\"link-more\"><a href=\"https:\/\/sklepgalerialandsberg.pl\/index.php\/blog\/\" class=\"more-link\">Czytaj dalej<span class=\"screen-reader-text\"> \u201eInformacje\u201d<\/span><\/a><\/p>\n","protected":false},"author":1,"featured_media":0,"parent":0,"menu_order":4,"comment_status":"closed","ping_status":"closed","template":"","meta":{"cybocfi_hide_featured_image":"","footnotes":""},"class_list":["post-39","page","type-page","status-publish","hentry"],"rttpg_featured_image_url":null,"rttpg_author":{"display_name":"admin9945","author_link":"https:\/\/sklepgalerialandsberg.pl\/index.php\/author\/admin9945\/"},"rttpg_comment":0,"rttpg_category":" <a href=\"https:\/\/sklepgalerialandsberg.pl\/\" rel=\"tag\">Polski<\/a>","rttpg_excerpt":"Witam w moim internetowym Sklepiku. Oto kilka kr\u00f3tkich informacji zapoznawczych. Aby zapozna\u0107 si\u0119 ze szczeg\u00f3\u0142owymi informacjami zapraszam do zapoznaniem si\u0119 z regulaminem. W razie pyta\u0144 prosz\u0119 o kontakt mailowy, telefoniczny oraz dost\u0119pna jestem r\u00f3wnie\u017c na WhatsApp. Zapraszam na Facebook gdzie umieszczam informacyjnie zdj\u0119cia moich przedmiot\u00f3w lecz nie prowadz\u0119 tam sprzeda\u017cy ani konwersacji. To samo dotyczy&hellip;","_links":{"self":[{"href":"https:\/\/sklepgalerialandsberg.pl\/index.php\/wp-json\/wp\/v2\/pages\/39","targetHints":{"allow":["GET"]}}],"collection":[{"href":"https:\/\/sklepgalerialandsberg.pl\/index.php\/wp-json\/wp\/v2\/pages"}],"about":[{"href":"https:\/\/sklepgalerialandsberg.pl\/index.php\/wp-json\/wp\/v2\/types\/page"}],"author":[{"embeddable":true,"href":"https:\/\/sklepgalerialandsberg.pl\/index.php\/wp-json\/wp\/v2\/users\/1"}],"replies":[{"embeddable":true,"href":"https:\/\/sklepgalerialandsberg.pl\/index.php\/wp-json\/wp\/v2\/comments?post=39"}],"version-history":[{"count":0,"href":"https:\/\/sklepgalerialandsberg.pl\/index.php\/wp-json\/wp\/v2\/pages\/39\/revisions"}],"wp:attachment":[{"href":"https:\/\/sklepgalerialandsberg.pl\/index.php\/wp-json\/wp\/v2\/media?parent=39"}],"curies":[{"name":"wp","href":"https:\/\/api.w.org\/{rel}","templated":true}]}}