{"id":415,"date":"2025-04-21T12:32:29","date_gmt":"2025-04-21T12:32:29","guid":{"rendered":"https:\/\/sklepgalerialandsberg.pl\/?page_id=415"},"modified":"2025-05-02T09:29:01","modified_gmt":"2025-05-02T09:29:01","slug":"regulamin","status":"publish","type":"page","link":"https:\/\/sklepgalerialandsberg.pl\/index.php\/regulamin\/","title":{"rendered":"Regulamin"},"content":{"rendered":"\n<p><strong>Postanowienia og\u00f3lne<\/strong><\/p>\n\n\n\n<p>1. Sklep internetowy prowadzi sprzeda\u017c detaliczn\u0105 za po\u015brednictwem Internetu, na podstawie niniejszego Regulaminu.<\/p>\n\n\n\n<p>2. W\u0142a\u015bcicielem Sklepu jest Irena Ma\u0142gorzata Kalka numer NIP:&nbsp;5990019112, numer kontaktowy:&nbsp;+48601993290, e-mail:&nbsp;malgos_kal@o2.pl<\/p>\n\n\n\n<p>3. Regulamin jest integraln\u0105 cz\u0119\u015bci\u0105 umowy sprzeda\u017cy zawieranej z Klientem.<\/p>\n\n\n\n<p>4. Warunkiem zawarcia umowy sprzeda\u017cy jest akceptacja Regulaminu przez Klienta.<\/p>\n\n\n\n<p>5. Towary dost\u0119pne w Sklepie s\u0105 wolne od wad fizycznych i prawnych.<\/p>\n\n\n\n<p><strong>Zam\u00f3wienia<\/strong><\/p>\n\n\n\n<p>1. Zam\u00f3wienia mo\u017cna sk\u0142ada\u0107 w nast\u0119puj\u0105cy spos\u00f3b:<\/p>\n\n\n\n<p>a) emailem na adres dost\u0119pny na stronie internetowej Sklepu Galeria Landsberg : malgos_kal@o2.pl<\/p>\n\n\n\n<p>b) telefonicznie na numer dost\u0119pny na stronie internetowej Sklepu Galeria Landsberg w zak\u0142adce Kontakt. Telefon +48601993290.<\/p>\n\n\n\n<p>2. Warunkiem realizacji zam\u00f3wienia jest podanie przez Klienta danych koniecznych do realizacji przesy\u0142ki oraz  pozwalaj\u0105cych na weryfikacj\u0119 Klienta i odbiorcy towaru. Imi\u0119, nazwisko, adres zamieszkania, numer telefonu oraz adres mailowy. W przypadku firmy : nazwa firmy , adres, numer telefonu, adres mailowy  oraz Nip. Do ka\u017cdego zam\u00f3wienia do\u0142\u0105czany jest paragon. W przypadku faktury prosz\u0119 o wcze\u015bniejsz\u0105 informacje. <\/p>\n\n\n\n<p>3. Sklep Galeria Landsberg potwierdza przyj\u0119cie zam\u00f3wienia emailem lub telefonicznie.<\/p>\n\n\n\n<p>4. Sklep Galeria Landsberg ma prawo odm\u00f3wi\u0107 przyj\u0119cia zam\u00f3wienia, ograniczy\u0107 spos\u00f3b p\u0142atno\u015bci lub \u017c\u0105da\u0107 przedp\u0142aty w przypadku, gdy zam\u00f3wienie budzi uzasadnione w\u0105tpliwo\u015bci co do prawdziwo\u015bci i rzetelno\u015bci podanych danych b\u0105d\u017a sposobu zap\u0142aty.<\/p>\n\n\n\n<p>5. Dla stron wi\u0105\u017c\u0105ce s\u0105 informacje zawarte na stronie internetowej Sklepu Galeria Landsberg przy kupowanym towarze w momencie z\u0142o\u017cenia zam\u00f3wienia, w szczeg\u00f3lno\u015bci: cena, charakterystyka towaru, jego cechy, elementy wchodz\u0105ce w sk\u0142ad zestawu, termin i spos\u00f3b dostawy.<\/p>\n\n\n\n<p><strong>P\u0142atno\u015bci<\/strong><\/p>\n\n\n\n<p>1. Klient ma do wyboru formy p\u0142atno\u015bci okre\u015blone w zak\u0142adce Informacje. <\/p>\n\n\n\n<p>Dane do przelewu na konto.<\/p>\n\n\n\n<p>Sklep Galeria Landsberg<\/p>\n\n\n\n<p>Irena Ma\u0142gorzata Kalka <\/p>\n\n\n\n<p>Ul. Warszawska 6<\/p>\n\n\n\n<p>66-400 Gorz\u00f3w Wlkp.<\/p>\n\n\n\n<p>mBank numer konta 65114020040000390278206586<\/p>\n\n\n\n<p>Otrzymana wp\u0142ata na konto zostanie potwierdzona drog\u0105 mailow\u0105.<\/p>\n\n\n\n<p><\/p>\n\n\n\n<p><\/p>\n\n\n\n<p>2. Warunkiem wydania towaru jest zap\u0142ata za towar i przesy\u0142k\u0119. Termin p\u0142atno\u015bci w sklepie internetowym wynosi 3 dni. Po up\u0142yni\u0119ciu tego terminu zam\u00f3wienie uznaje si\u0119 za nieby\u0142e i sprzedaj\u0105cy ma prawo do anulowania zam\u00f3wienia.<\/p>\n\n\n\n<p><strong>Wysy\u0142ka towaru<\/strong><\/p>\n\n\n\n<p>1. Wysy\u0142ka zam\u00f3wienia b\u0119dzie dopasowana do potrzeb zamawiaj\u0105cego lub istnieje mo\u017cliwo\u015b\u0107 odbioru osobistego w sklepie stacjonarnym Galeria Landsberg w Gorzowie Wlkp.<\/p>\n\n\n\n<p>2. Ka\u017cde zam\u00f3wienie powy\u017cej 100 z\u0142otych jest wolne od op\u0142aty za przesy\u0142k\u0119, warunkiem tego jest wysy\u0142ka za po\u015brednictwem inPost z odbiorem w\u0142asnym z paczkomatu.<\/p>\n\n\n\n<p>3. Ka\u017cda inna dowolna forma przesy\u0142ki jest indywidualnie wyceniana przez wybran\u0105 firm\u0119 kuriersk\u0105 i op\u0142ata le\u017cy po stronie zamawiaj\u0105cego. \u00a0<\/p>\n\n\n\n<p><strong>Reklamacje<\/strong><\/p>\n\n\n\n<p>1. W przypadku niezgodno\u015bci towaru z umow\u0105 Klient powinien skontaktowa\u0107 si\u0119 z administratorem sklepu telefonicznie lub drog\u0105 elektroniczn\u0105.<\/p>\n\n\n\n<p>2. Wysy\u0142ka towaru nie mo\u017ce by\u0107 wys\u0142ana bez wcze\u015bniejszego uzgodnienia tego ze sprzedaj\u0105cym.<\/p>\n\n\n\n<p>3. Sklep Galeria Landsberg ustosunkowuje si\u0119 do reklamacji Klienta w terminie 14 dni roboczych od momentu zwrotu towaru wraz z opisem niezgodno\u015bci. W przypadku, gdy weryfikacja niezgodno\u015bci wymaga zasi\u0119gni\u0119cia opinii bieg\u0142ego, b\u0105d\u017a przedstawiciela producenta towaru, termin do ustosunkowania si\u0119 Sklepu ulega przed\u0142u\u017ceniu o czas uzyskania przez Sklep takiej opinii.<\/p>\n\n\n\n<p>4. Indywidualne ustawienia komputera i monitora Klienta powoduj\u0105ce b\u0142\u0119dne lub zniekszta\u0142cone wy\u015bwietlanie informacji o towarach (np. kolor\u00f3w), nie mog\u0105 by\u0107 podstaw\u0105 reklamacji.<\/p>\n\n\n\n<p>5. Przedmiotem sprzeda\u017cy s\u0105 rzeczy u\u017cywane, cz\u0119sto wiekowe. Nale\u017cy wiec domniemywa\u0107, \u017ce ich stan mo\u017ce zawiera\u0107 pewne charakterystyczne wady. Jednak stan oferowanych przedmiot\u00f3w staram si\u0119 jak najdok\u0142adniej opisywa\u0107 i jest on widoczny w szczeg\u00f3\u0142ach produktu.&nbsp;<\/p>\n\n\n\n<p><strong>Prawo odst\u0105pienia od umowy<\/strong><\/p>\n\n\n\n<p>1. Sklep Galeria Landsberg zastrzega sobie mo\u017cliwo\u015b\u0107 odst\u0105pienia od zam\u00f3wienia w przypadku niemo\u017cno\u015bci jego realizacji. W przypadku przed\u0142u\u017cenia si\u0119 terminu realizacji zam\u00f3wienia lub zmiany ceny zamawianego towaru Sklep Galeria Landsberg zobowi\u0105zuje si\u0119 niezw\u0142ocznie powiadomi\u0107 o tym fakcie Zamawiaj\u0105cego. Zamawiaj\u0105cy ma w takim przypadku prawo do odst\u0105pienia od zam\u00f3wienia. Sklep Galeria Landsberg zwr\u00f3ci przelewem na konto Zamawiaj\u0105cego wszelkie wniesione przez niego przedp\u0142aty.<\/p>\n\n\n\n<p>2. Przed dokonaniem zwrotu nale\u017cy poinformowa\u0107 o ch\u0119ci zwrotu.<\/p>\n\n\n\n<p>3. Konsument ma prawo do odst\u0119pienia od umowy w ci\u0105gu 14 dni od zakupu towaru. Nast\u0119pnie towar powinien zosta\u0107 dostarczony do sklepu w ci\u0105gu 7 dni od odst\u0105pienia od umowy.<\/p>\n\n\n\n<p>4. Koszty zwrotu zakupionego przedmiotu ponosi konsument.<\/p>\n\n\n\n<p>5. W przypadku zwrotu towaru prosz\u0119 o informacj\u0119, co jest powodem zwrotu.<\/p>\n\n\n\n<p>6. Adres do zwrotu: Galeria Landsberg Irena Kalka, Warszawska 6, 66-400 Gorz\u00f3w Wielkopolski<\/p>\n\n\n\n<p><strong>Ochrona prywatno\u015bci<\/strong><\/p>\n\n\n\n<p>1. Sk\u0142adaj\u0105c zam\u00f3wienie Klient wyra\u017ca zgod\u0119 na przetwarzanie jego danych osobowych&nbsp;wy\u0142\u0105cznie&nbsp;w celu realizacji zam\u00f3wienia.<\/p>\n\n\n\n<p>2. Klient ma prawo wgl\u0105du do swoich danych i ich korekty, a tak\u017ce do \u017c\u0105dania usuni\u0119cia.<\/p>\n\n\n\n<p><strong>W\u0142asno\u015b\u0107 intelektualna<\/strong><\/p>\n\n\n\n<p>1. Zabronione jest wykorzystywanie jakichkolwiek materia\u0142\u00f3w publikowanych na stronie internetowej Sklepu Galeria Landsberg \u00a0w tym zdj\u0119\u0107 i opis\u00f3w towar\u00f3w bez mojej zgody.<\/p>\n\n\n\n<p><strong>Wej\u015bcie w \u017cycie i zmiany Regulaminu<\/strong><\/p>\n\n\n\n<p>1. Regulamin wchodzi w \u017cycie z dniem publikacji na stronie internetowej Sklepu Galeria Landsberg.<\/p>\n\n\n\n<p>2. Zastrzegam sobie mo\u017cliwo\u015b\u0107 zmian w Regulaminie, kt\u00f3re wchodz\u0105 w \u017cycie z dniem ich publikacji na stronie internetowej Sklepu Galeria Landsberg. Do um\u00f3w zawartych przed zmian\u0105 Regulaminu stosuje si\u0119 wersj\u0119 Regulaminu obowi\u0105zuj\u0105c\u0105 w dacie z\u0142o\u017cenia Zam\u00f3wienia przez Klienta.<\/p>\n\n\n\n<p><\/p>\n","protected":false},"excerpt":{"rendered":"<p>Postanowienia og\u00f3lne 1. Sklep internetowy prowadzi sprzeda\u017c detaliczn\u0105 za po\u015brednictwem Internetu, na podstawie niniejszego Regulaminu. 2. W\u0142a\u015bcicielem Sklepu jest Irena Ma\u0142gorzata Kalka numer NIP:&nbsp;5990019112, numer kontaktowy:&nbsp;+48601993290, e-mail:&nbsp;malgos_kal@o2.pl 3. Regulamin jest integraln\u0105 cz\u0119\u015bci\u0105 umowy sprzeda\u017cy zawieranej z Klientem. 4. Warunkiem zawarcia umowy sprzeda\u017cy jest akceptacja Regulaminu przez Klienta. 5. Towary dost\u0119pne w Sklepie s\u0105 wolne od &hellip; <\/p>\n<p class=\"link-more\"><a href=\"https:\/\/sklepgalerialandsberg.pl\/index.php\/regulamin\/\" class=\"more-link\">Czytaj dalej<span class=\"screen-reader-text\"> \u201eRegulamin\u201d<\/span><\/a><\/p>\n","protected":false},"author":1,"featured_media":0,"parent":0,"menu_order":12,"comment_status":"closed","ping_status":"closed","template":"","meta":{"cybocfi_hide_featured_image":"","footnotes":""},"class_list":["post-415","page","type-page","status-publish","hentry"],"rttpg_featured_image_url":null,"rttpg_author":{"display_name":"admin9945","author_link":"https:\/\/sklepgalerialandsberg.pl\/index.php\/author\/admin9945\/"},"rttpg_comment":0,"rttpg_category":" <a href=\"https:\/\/sklepgalerialandsberg.pl\/\" rel=\"tag\">Polski<\/a>","rttpg_excerpt":"Postanowienia og\u00f3lne 1. Sklep internetowy prowadzi sprzeda\u017c detaliczn\u0105 za po\u015brednictwem Internetu, na podstawie niniejszego Regulaminu. 2. W\u0142a\u015bcicielem Sklepu jest Irena Ma\u0142gorzata Kalka numer NIP:&nbsp;5990019112, numer kontaktowy:&nbsp;+48601993290, e-mail:&nbsp;malgos_kal@o2.pl 3. Regulamin jest integraln\u0105 cz\u0119\u015bci\u0105 umowy sprzeda\u017cy zawieranej z Klientem. 4. Warunkiem zawarcia umowy sprzeda\u017cy jest akceptacja Regulaminu przez Klienta. 5. Towary dost\u0119pne w Sklepie s\u0105 wolne od&hellip;","_links":{"self":[{"href":"https:\/\/sklepgalerialandsberg.pl\/index.php\/wp-json\/wp\/v2\/pages\/415","targetHints":{"allow":["GET"]}}],"collection":[{"href":"https:\/\/sklepgalerialandsberg.pl\/index.php\/wp-json\/wp\/v2\/pages"}],"about":[{"href":"https:\/\/sklepgalerialandsberg.pl\/index.php\/wp-json\/wp\/v2\/types\/page"}],"author":[{"embeddable":true,"href":"https:\/\/sklepgalerialandsberg.pl\/index.php\/wp-json\/wp\/v2\/users\/1"}],"replies":[{"embeddable":true,"href":"https:\/\/sklepgalerialandsberg.pl\/index.php\/wp-json\/wp\/v2\/comments?post=415"}],"version-history":[{"count":0,"href":"https:\/\/sklepgalerialandsberg.pl\/index.php\/wp-json\/wp\/v2\/pages\/415\/revisions"}],"wp:attachment":[{"href":"https:\/\/sklepgalerialandsberg.pl\/index.php\/wp-json\/wp\/v2\/media?parent=415"}],"curies":[{"name":"wp","href":"https:\/\/api.w.org\/{rel}","templated":true}]}}