{"id":418,"date":"2025-04-21T12:35:00","date_gmt":"2025-04-21T12:35:00","guid":{"rendered":"https:\/\/sklepgalerialandsberg.pl\/?page_id=418"},"modified":"2025-05-02T09:27:22","modified_gmt":"2025-05-02T09:27:22","slug":"satzung","status":"publish","type":"page","link":"https:\/\/sklepgalerialandsberg.pl\/index.php\/de\/satzung\/","title":{"rendered":"Satzung"},"content":{"rendered":"\n<p>Allgemeine Bestimmungen<\/p>\n\n\n\n<ol class=\"wp-block-list\">\n<li>Der Online-Shop f\u00fchrt Einzelhandelsverk\u00e4ufe \u00fcber das Internet gem\u00e4\u00df diesen Bestimmungen durch.<\/li>\n\n\n\n<li>Inhaberin des Shops ist Irena Ma\u0142gorzata Kalka, NIP-Nummer: 5990019112, Kontaktnummer: +48601993290, E-Mail: malgos_kal@o2.pl<\/li>\n\n\n\n<li>Die Bestimmungen sind ein wesentlicher Bestandteil des mit dem Kunden geschlossenen Kaufvertrags.<\/li>\n\n\n\n<li>Voraussetzung f\u00fcr den Abschluss eines Kaufvertrages ist die Annahme der AGB durch den Kunden.<\/li>\n\n\n\n<li>Die im Shop erh\u00e4ltlichen Waren sind frei von Sach- und Rechtsm\u00e4ngeln.<\/li>\n<\/ol>\n\n\n\n<p>Bestellungen<\/p>\n\n\n\n<ol class=\"wp-block-list\">\n<li>Bestellungen k\u00f6nnen wie folgt aufgegeben werden:<\/li>\n<\/ol>\n\n\n\n<p>a) per E-Mail an die auf der Website der Galeria Landsberg Store verf\u00fcgbare Adresse: malgos_kal@o2.pl<\/p>\n\n\n\n<p>b) telefonisch unter der Nummer, die auf der Website der Galeria Landsberg Stores im Reiter \u201eKontakt\u201c angegeben ist. Telefon +48601993290.<\/p>\n\n\n\n<ol start=\"2\" class=\"wp-block-list\">\n<li>Voraussetzung f\u00fcr die Durchf\u00fchrung der Bestellung ist die Angabe der Daten durch den Kunden, die f\u00fcr die Durchf\u00fchrung der Lieferung erforderlich sind und eine \u00dcberpr\u00fcfung der Identit\u00e4t des Kunden und des Warenempf\u00e4ngers erm\u00f6glichen. Name, Nachname, Adresse, Telefonnummer und E-Mail-Adresse. Bei Unternehmen: Firmenname, Anschrift, Telefonnummer, E-Mail-Adresse und Steueridentifikationsnummer. Jeder Bestellung liegt ein Kassenbon bei. Bei Rechnungskauf bitte ich um vorherige Mitteilung.<\/li>\n\n\n\n<li>Die Filiale Galeria Landsberg best\u00e4tigt den Eingang der Bestellung per E-Mail oder telefonisch.<\/li>\n\n\n\n<li>Galeria Landsberg Store ist berechtigt, die Annahme einer Bestellung abzulehnen, die Zahlungsart einzuschr\u00e4nken oder Vorauskasse zu verlangen, wenn die Bestellung begr\u00fcndete Zweifel an der Richtigkeit und Zuverl\u00e4ssigkeit der angegebenen Daten oder der Zahlungsart aufkommen l\u00e4sst.<\/li>\n\n\n\n<li>F\u00fcr die Parteien gelten die zum Zeitpunkt der Bestellung auf der Website des Galeria Landsberg Stores enthaltenen Informationen zu den gekauften Waren, insbesondere: Preis, Eigenschaften der Ware, ihre Merkmale, im Set enthaltene Elemente, Lieferdatum und -art.<\/li>\n<\/ol>\n\n\n\n<p>Zahlungen<\/p>\n\n\n\n<ol class=\"wp-block-list\">\n<li>Der Kunde kann unter dem Reiter \u201eInformationen\u201c die angegebenen Zahlungsarten ausw\u00e4hlen.<\/li>\n<\/ol>\n\n\n\n<p>Details zur \u00dcberweisung auf das Konto.<\/p>\n\n\n\n<p>Shop Galeria Landsberg<\/p>\n\n\n\n<p>Irena Ma\u0142gorzata Kalka<\/p>\n\n\n\n<p>Stra\u00dfe Warschau 6<\/p>\n\n\n\n<p>66-400 Gorz\u00f3w Wielkopolski<\/p>\n\n\n\n<p>mBank-Kontonummer 65114020040000390278206586<\/p>\n\n\n\n<p>Der Zahlungseingang auf dem Konto wird per E-Mail best\u00e4tigt.<\/p>\n\n\n\n<ol start=\"2\" class=\"wp-block-list\">\n<li>Voraussetzung f\u00fcr die \u00dcbergabe der Ware ist die Bezahlung der Ware und des Versandes. Die Zahlungsfrist im Online-Shop betr\u00e4gt 3 Tage. Nach Ablauf dieser Frist gilt die Bestellung als nichtig und der Verk\u00e4ufer hat das Recht, die Bestellung zu stornieren.<\/li>\n<\/ol>\n\n\n\n<p>Versand von Waren<\/p>\n\n\n\n<ol class=\"wp-block-list\">\n<li>Der Versand der Bestellung erfolgt individuell nach den W\u00fcnschen des Bestellers oder es besteht die M\u00f6glichkeit der pers\u00f6nlichen Abholung im Schreibwarengesch\u00e4ft der Galeria Landsberg in Gorz\u00f3w Wlkp.<\/li>\n\n\n\n<li>Jede Bestellung \u00fcber 100 PLN ist versandkostenfrei, sofern sie per InPost mit pers\u00f6nlicher Abholung aus einem Paketfach versendet wird.<\/li>\n\n\n\n<li>Jede andere Versandart wird individuell vom ausgew\u00e4hlten Kurierdienst berechnet und die Geb\u00fchr tr\u00e4gt der Besteller.<\/li>\n<\/ol>\n\n\n\n<p>Beschwerden<\/p>\n\n\n\n<ol class=\"wp-block-list\">\n<li>Im Falle einer Nicht\u00fcbereinstimmung der Ware mit dem Vertrag sollte sich der Kunde telefonisch oder elektronisch an den Filialleiter wenden.<\/li>\n\n\n\n<li>Eine Versendung der Ware ist ohne vorherige Absprache mit dem Verk\u00e4ufer nicht m\u00f6glich.<\/li>\n\n\n\n<li>Die Filiale Galeria Landsberg wird innerhalb von 14 Werktagen ab Warenr\u00fccksendung auf die Reklamation des Kunden antworten und den Mangel schildern. Wenn zur \u00dcberpr\u00fcfung der Nicht\u00fcbereinstimmung die Einholung der Meinung eines Sachverst\u00e4ndigen oder eines Vertreters des Herstellers der Ware erforderlich ist, verl\u00e4ngert sich die Frist f\u00fcr die Antwort des Gesch\u00e4fts um die Zeit, die das Gesch\u00e4ft ben\u00f6tigt, um diese Meinung einzuholen.<\/li>\n\n\n\n<li>Individuelle Einstellungen des Computers und Monitors des Kunden, die zu einer fehlerhaften oder verzerrten Darstellung von Informationen \u00fcber die Ware (z.B. Farben) f\u00fchren, stellen keinen Grund f\u00fcr eine Reklamation dar.<\/li>\n\n\n\n<li>Gegenstand des Verkaufs sind gebrauchte, oft antike Gegenst\u00e4nde. Es ist daher davon auszugehen, dass ihr Zustand gewisse charakteristische M\u00e4ngel aufweisen kann. Ich bem\u00fche mich jedoch, den Zustand der angebotenen Artikel m\u00f6glichst genau zu beschreiben und er ist in den Produktdetails ersichtlich.<\/li>\n<\/ol>\n\n\n\n<p>Widerrufsrecht<\/p>\n\n\n\n<ol class=\"wp-block-list\">\n<li>Die Galeria Landsberg beh\u00e4lt sich vor, bei Unm\u00f6glichkeit der Ausf\u00fchrung von der Bestellung zur\u00fcckzutreten. Im Falle einer Verl\u00e4ngerung der Auftragserf\u00fcllungsfrist oder einer \u00c4nderung des Preises der bestellten Ware verpflichtet sich der Landsberg Gallery Store, den Besteller unverz\u00fcglich hier\u00fcber zu informieren. Dem Besteller steht in diesem Fall das Recht zu, von der Bestellung zur\u00fcckzutreten. Etwaige bereits geleistete Anzahlungen des Bestellers werden von der Galeria Landsberg durch \u00dcberweisung auf das Konto erstattet.<\/li>\n\n\n\n<li>Vor einer R\u00fccksendung m\u00fcssen Sie uns \u00fcber Ihre R\u00fcckgabeabsicht informieren.<\/li>\n\n\n\n<li>Der Verbraucher hat das Recht, innerhalb von 14 Tagen nach dem Kauf der Ware vom Vertrag zur\u00fcckzutreten. Die Ware muss dann innerhalb von 7 Tagen nach dem R\u00fccktritt vom Vertrag im Gesch\u00e4ft abgeliefert werden.<\/li>\n\n\n\n<li>Die Kosten der R\u00fccksendung der gekauften Ware tr\u00e4gt der Verbraucher.<\/li>\n\n\n\n<li>Bei Warenr\u00fccksendungen geben Sie bitte den Grund der R\u00fccksendung an.<\/li>\n\n\n\n<li>R\u00fccksendeadresse: Galeria Landsberg Irena Kalka, Warszawska 6, 66-400 Gorz\u00f3w Wielkopolski<\/li>\n<\/ol>\n\n\n\n<p>Datenschutzrichtlinie<\/p>\n\n\n\n<ol class=\"wp-block-list\">\n<li>Mit der Aufgabe einer Bestellung willigt der Kunde in die Verarbeitung seiner personenbezogenen Daten ausschlie\u00dflich zum Zwecke der Auftragserf\u00fcllung ein.<\/li>\n\n\n\n<li>Der Kunde hat das Recht, seine Daten einzusehen, zu korrigieren und deren L\u00f6schung zu verlangen.<\/li>\n<\/ol>\n\n\n\n<p>Geistiges Eigentum<\/p>\n\n\n\n<ol class=\"wp-block-list\">\n<li>Die Verwendung s\u00e4mtlicher auf der Website des Galeria Landsberg Stores ver\u00f6ffentlichter Materialien, einschlie\u00dflich Fotos und Warenbeschreibungen, ohne meine Zustimmung ist untersagt.<\/li>\n<\/ol>\n\n\n\n<p>Inkrafttreten und \u00c4nderungen der Verordnungen<\/p>\n\n\n\n<ol class=\"wp-block-list\">\n<li>Die Bestimmungen treten mit dem Datum der Ver\u00f6ffentlichung auf der Website des Galeria Landsberg Stores in Kraft.<\/li>\n\n\n\n<li>Ich behalte mir das Recht vor, \u00c4nderungen an den Bestimmungen vorzunehmen, die am Tag ihrer Ver\u00f6ffentlichung auf der Website des Galeria Landsberg Stores in Kraft treten. F\u00fcr Vertr\u00e4ge, die vor der \u00c4nderung der Bestimmungen abgeschlossen wurden, gilt die am Tag der Bestellung des Kunden g\u00fcltige Fassung der Bestimmungen.<\/li>\n<\/ol>\n\n\n\n<p><\/p>\n","protected":false},"excerpt":{"rendered":"<p>Allgemeine Bestimmungen Bestellungen a) per E-Mail an die auf der Website der Galeria Landsberg Store verf\u00fcgbare Adresse: malgos_kal@o2.pl b) telefonisch unter der Nummer, die auf der Website der Galeria Landsberg Stores im Reiter \u201eKontakt\u201c angegeben ist. Telefon +48601993290. Zahlungen Details zur \u00dcberweisung auf das Konto. Shop Galeria Landsberg Irena Ma\u0142gorzata Kalka Stra\u00dfe Warschau 6 66-400 &hellip; <\/p>\n<p class=\"link-more\"><a href=\"https:\/\/sklepgalerialandsberg.pl\/index.php\/de\/satzung\/\" class=\"more-link\">Czytaj dalej<span class=\"screen-reader-text\"> \u201eSatzung\u201d<\/span><\/a><\/p>\n","protected":false},"author":1,"featured_media":0,"parent":0,"menu_order":14,"comment_status":"closed","ping_status":"closed","template":"","meta":{"cybocfi_hide_featured_image":"","footnotes":""},"class_list":["post-418","page","type-page","status-publish","hentry"],"rttpg_featured_image_url":null,"rttpg_author":{"display_name":"admin9945","author_link":"https:\/\/sklepgalerialandsberg.pl\/index.php\/author\/admin9945\/"},"rttpg_comment":0,"rttpg_category":" <a href=\"https:\/\/sklepgalerialandsberg.pl\/index.php\/de\/\" rel=\"tag\">Deutsch<\/a>","rttpg_excerpt":"Allgemeine Bestimmungen Bestellungen a) per E-Mail an die auf der Website der Galeria Landsberg Store verf\u00fcgbare Adresse: malgos_kal@o2.pl b) telefonisch unter der Nummer, die auf der Website der Galeria Landsberg Stores im Reiter \u201eKontakt\u201c angegeben ist. Telefon +48601993290. Zahlungen Details zur \u00dcberweisung auf das Konto. Shop Galeria Landsberg Irena Ma\u0142gorzata Kalka Stra\u00dfe Warschau 6 66-400&hellip;","_links":{"self":[{"href":"https:\/\/sklepgalerialandsberg.pl\/index.php\/wp-json\/wp\/v2\/pages\/418","targetHints":{"allow":["GET"]}}],"collection":[{"href":"https:\/\/sklepgalerialandsberg.pl\/index.php\/wp-json\/wp\/v2\/pages"}],"about":[{"href":"https:\/\/sklepgalerialandsberg.pl\/index.php\/wp-json\/wp\/v2\/types\/page"}],"author":[{"embeddable":true,"href":"https:\/\/sklepgalerialandsberg.pl\/index.php\/wp-json\/wp\/v2\/users\/1"}],"replies":[{"embeddable":true,"href":"https:\/\/sklepgalerialandsberg.pl\/index.php\/wp-json\/wp\/v2\/comments?post=418"}],"version-history":[{"count":0,"href":"https:\/\/sklepgalerialandsberg.pl\/index.php\/wp-json\/wp\/v2\/pages\/418\/revisions"}],"wp:attachment":[{"href":"https:\/\/sklepgalerialandsberg.pl\/index.php\/wp-json\/wp\/v2\/media?parent=418"}],"curies":[{"name":"wp","href":"https:\/\/api.w.org\/{rel}","templated":true}]}}