{"id":42,"date":"2024-08-07T17:47:24","date_gmt":"2024-08-07T17:47:24","guid":{"rendered":"http:\/\/sklepgalerialandsberg.pl\/?page_id=42"},"modified":"2026-03-24T11:15:04","modified_gmt":"2026-03-24T11:15:04","slug":"strona-glowna","status":"publish","type":"page","link":"https:\/\/sklepgalerialandsberg.pl\/","title":{"rendered":"Strona w trakcie zak\u0142adania ale mo\u017cna ju\u017c dokonywa\u0107 zakup\u00f3w-zapraszam. Na pierwsze zakupy przyznaje 20 procent zni\u017cki."},"content":{"rendered":"\n<p>Sklep Galeria Landsberg to uk\u0142on w stron\u0119 historii, szacunek do mijaj\u0105cego czasu oraz mi\u0142o\u015b\u0107 do pi\u0119kna. To wszystko i wiele wi\u0119cej mo\u017cna znale\u017a\u0107 w moim sklepiku.<\/p>\n\n\n\n<div class=\"wp-block-columns is-layout-flex wp-container-core-columns-is-layout-9d6595d7 wp-block-columns-is-layout-flex\">\n<div class=\"wp-block-column is-layout-flow wp-block-column-is-layout-flow\">\n<div class=\"wp-block-group\"><div class=\"wp-block-group__inner-container is-layout-constrained wp-block-group-is-layout-constrained\">\n<p>Witam w moim internetowym sklepiku.<br>Nazywam si\u0119 Irena, Ma\u0142gorzata Kalka wszystkim znana jako Ma\u0142gorzata.<br>Od paru lat czyli od 2018 roku prowadz\u0119 sklep stacjonarny w Gorzowie Wlkp. na ulicy Warszawskiej 6 o nazwie &#8222;Galeria Landsberg&#8221;.<\/p>\n<\/div><\/div>\n<\/div>\n\n\n\n<div class=\"wp-block-column is-vertically-aligned-center is-layout-flow wp-block-column-is-layout-flow\">\n<figure class=\"wp-block-video aligncenter\"><video height=\"474\" style=\"aspect-ratio: 848 \/ 474;\" width=\"848\" controls src=\"https:\/\/sklepgalerialandsberg.pl\/wp-content\/uploads\/2025\/06\/Wideo-WhatsApp-2025-06-20-o-16.19.23_9e724c04-2.mp4\"><\/video><\/figure>\n<\/div>\n<\/div>\n\n\n\n<p>W dobie internetu kt\u00f3ry umo\u017cliwia na bie\u017c\u0105co \u015bledzi\u0107 oferty bez potrzeby wychodzenia z domu, dosz\u0142am do wniosku \u017ce czas najwy\u017cszy podzieli\u0107 si\u0119 i pokaza\u0107 \u015bwiatu przedmioty z dusz\u0105 kt\u00f3re zas\u0142uguj\u0105 na podziw i pe\u0142en szacunek.<br>Mam do zaoferowania przedmioty z r\u00f3\u017cnych epok, znanych i nie znanych wytw\u00f3rni, projektant\u00f3w. \u0141\u0105czy ich to \u017ce pomimo up\u0142ywaj\u0105cego czasu nadal utrzymuj\u0105 sw\u00f3j wyj\u0105tkowy urok.<br>Zapraszam serdecznie mi\u0142o\u015bnik\u00f3w pi\u0119knych przedmiotami z dusz\u0105 ale r\u00f3wnie\u017c przedmiot\u00f3w kt\u00f3re dopiero zaczn\u0105 tworzy\u0107 swoj\u0105 historie zdobi\u0105c Pa\u0144stwa domy.<\/p>\n\n\n\n<figure class=\"wp-block-gallery has-nested-images columns-default is-cropped wp-block-gallery-1 is-layout-flex wp-block-gallery-is-layout-flex\">\n<figure class=\"wp-block-image\"><img loading=\"lazy\" decoding=\"async\" width=\"1689\" height=\"2048\" data-id=\"154\" src=\"https:\/\/sklepgalerialandsberg.pl\/wp-content\/uploads\/2024\/12\/1.jpg\" alt=\"\" class=\"wp-image-154\" srcset=\"https:\/\/sklepgalerialandsberg.pl\/wp-content\/uploads\/2024\/12\/1.jpg 1689w, https:\/\/sklepgalerialandsberg.pl\/wp-content\/uploads\/2024\/12\/1-165x200.jpg 165w, https:\/\/sklepgalerialandsberg.pl\/wp-content\/uploads\/2024\/12\/1-768x931.jpg 768w, https:\/\/sklepgalerialandsberg.pl\/wp-content\/uploads\/2024\/12\/1-1267x1536.jpg 1267w, https:\/\/sklepgalerialandsberg.pl\/wp-content\/uploads\/2024\/12\/1-247x300.jpg 247w, https:\/\/sklepgalerialandsberg.pl\/wp-content\/uploads\/2024\/12\/1-845x1024.jpg 845w\" sizes=\"auto, (max-width: 767px) 89vw, (max-width: 1000px) 54vw, (max-width: 1071px) 543px, 580px\" \/><\/figure>\n\n\n\n<figure class=\"wp-block-image\"><img loading=\"lazy\" decoding=\"async\" width=\"500\" height=\"672\" data-id=\"155\" src=\"https:\/\/sklepgalerialandsberg.pl\/wp-content\/uploads\/2024\/12\/2.png\" alt=\"\" class=\"wp-image-155\" srcset=\"https:\/\/sklepgalerialandsberg.pl\/wp-content\/uploads\/2024\/12\/2.png 500w, https:\/\/sklepgalerialandsberg.pl\/wp-content\/uploads\/2024\/12\/2-149x200.png 149w, https:\/\/sklepgalerialandsberg.pl\/wp-content\/uploads\/2024\/12\/2-223x300.png 223w\" sizes=\"auto, (max-width: 500px) 100vw, 500px\" \/><\/figure>\n\n\n\n<figure class=\"wp-block-image\"><img loading=\"lazy\" decoding=\"async\" width=\"1536\" height=\"2048\" data-id=\"156\" src=\"https:\/\/sklepgalerialandsberg.pl\/wp-content\/uploads\/2024\/12\/3.jpg\" alt=\"\" class=\"wp-image-156\" srcset=\"https:\/\/sklepgalerialandsberg.pl\/wp-content\/uploads\/2024\/12\/3.jpg 1536w, https:\/\/sklepgalerialandsberg.pl\/wp-content\/uploads\/2024\/12\/3-150x200.jpg 150w, https:\/\/sklepgalerialandsberg.pl\/wp-content\/uploads\/2024\/12\/3-768x1024.jpg 768w, https:\/\/sklepgalerialandsberg.pl\/wp-content\/uploads\/2024\/12\/3-1152x1536.jpg 1152w, https:\/\/sklepgalerialandsberg.pl\/wp-content\/uploads\/2024\/12\/3-225x300.jpg 225w\" sizes=\"auto, (max-width: 767px) 89vw, (max-width: 1000px) 54vw, (max-width: 1071px) 543px, 580px\" \/><\/figure>\n\n\n\n<figure class=\"wp-block-image\"><img loading=\"lazy\" decoding=\"async\" width=\"2048\" height=\"1739\" data-id=\"157\" src=\"https:\/\/sklepgalerialandsberg.pl\/wp-content\/uploads\/2024\/12\/4.jpg\" alt=\"\" class=\"wp-image-157\" srcset=\"https:\/\/sklepgalerialandsberg.pl\/wp-content\/uploads\/2024\/12\/4.jpg 2048w, https:\/\/sklepgalerialandsberg.pl\/wp-content\/uploads\/2024\/12\/4-200x170.jpg 200w, https:\/\/sklepgalerialandsberg.pl\/wp-content\/uploads\/2024\/12\/4-768x652.jpg 768w, https:\/\/sklepgalerialandsberg.pl\/wp-content\/uploads\/2024\/12\/4-1536x1304.jpg 1536w, https:\/\/sklepgalerialandsberg.pl\/wp-content\/uploads\/2024\/12\/4-300x255.jpg 300w, https:\/\/sklepgalerialandsberg.pl\/wp-content\/uploads\/2024\/12\/4-1024x870.jpg 1024w\" sizes=\"auto, (max-width: 767px) 89vw, (max-width: 1000px) 54vw, (max-width: 1071px) 543px, 580px\" \/><\/figure>\n<\/figure>\n\n\n\n<div class=\"wp-block-media-text is-stacked-on-mobile\" style=\"grid-template-columns:46% auto\"><figure class=\"wp-block-media-text__media\"><img loading=\"lazy\" decoding=\"async\" width=\"1024\" height=\"870\" src=\"https:\/\/sklepgalerialandsberg.pl\/wp-content\/uploads\/2024\/08\/cropped-cropped-IMG_6464-1024x870.jpg\" alt=\"\" class=\"wp-image-129 size-full\" srcset=\"https:\/\/sklepgalerialandsberg.pl\/wp-content\/uploads\/2024\/08\/cropped-cropped-IMG_6464-1024x870.jpg 1024w, https:\/\/sklepgalerialandsberg.pl\/wp-content\/uploads\/2024\/08\/cropped-cropped-IMG_6464-300x255.jpg 300w, https:\/\/sklepgalerialandsberg.pl\/wp-content\/uploads\/2024\/08\/cropped-cropped-IMG_6464-768x652.jpg 768w, https:\/\/sklepgalerialandsberg.pl\/wp-content\/uploads\/2024\/08\/cropped-cropped-IMG_6464-1536x1305.jpg 1536w, https:\/\/sklepgalerialandsberg.pl\/wp-content\/uploads\/2024\/08\/cropped-cropped-IMG_6464.jpg 2000w\" sizes=\"auto, (max-width: 767px) 89vw, (max-width: 1000px) 54vw, (max-width: 1071px) 543px, 580px\" \/><\/figure><div class=\"wp-block-media-text__content\">\n<p><\/p>\n\n\n\n<p><\/p>\n<\/div><\/div>\n","protected":false},"excerpt":{"rendered":"<p>Sklep Galeria Landsberg to uk\u0142on w stron\u0119 historii, szacunek do mijaj\u0105cego czasu oraz mi\u0142o\u015b\u0107 do pi\u0119kna. To wszystko i wiele wi\u0119cej mo\u017cna znale\u017a\u0107 w moim sklepiku. Witam w moim internetowym sklepiku.Nazywam si\u0119 Irena, Ma\u0142gorzata Kalka wszystkim znana jako Ma\u0142gorzata.Od paru lat czyli od 2018 roku prowadz\u0119 sklep stacjonarny w Gorzowie Wlkp. na ulicy Warszawskiej 6 &hellip; <\/p>\n<p class=\"link-more\"><a href=\"https:\/\/sklepgalerialandsberg.pl\/\" class=\"more-link\">Czytaj dalej<span class=\"screen-reader-text\"> \u201eStrona w trakcie zak\u0142adania ale mo\u017cna ju\u017c dokonywa\u0107 zakup\u00f3w-zapraszam. Na pierwsze zakupy przyznaje 20 procent zni\u017cki.\u201d<\/span><\/a><\/p>\n","protected":false},"author":1,"featured_media":0,"parent":0,"menu_order":21,"comment_status":"closed","ping_status":"closed","template":"","meta":{"cybocfi_hide_featured_image":"","footnotes":""},"class_list":["post-42","page","type-page","status-publish","hentry"],"rttpg_featured_image_url":null,"rttpg_author":{"display_name":"admin9945","author_link":"https:\/\/sklepgalerialandsberg.pl\/index.php\/author\/admin9945\/"},"rttpg_comment":0,"rttpg_category":" <a href=\"https:\/\/sklepgalerialandsberg.pl\/\" rel=\"tag\">Polski<\/a>","rttpg_excerpt":"Sklep Galeria Landsberg to uk\u0142on w stron\u0119 historii, szacunek do mijaj\u0105cego czasu oraz mi\u0142o\u015b\u0107 do pi\u0119kna. To wszystko i wiele wi\u0119cej mo\u017cna znale\u017a\u0107 w moim sklepiku. Witam w moim internetowym sklepiku.Nazywam si\u0119 Irena, Ma\u0142gorzata Kalka wszystkim znana jako Ma\u0142gorzata.Od paru lat czyli od 2018 roku prowadz\u0119 sklep stacjonarny w Gorzowie Wlkp. na ulicy Warszawskiej 6&hellip;","_links":{"self":[{"href":"https:\/\/sklepgalerialandsberg.pl\/index.php\/wp-json\/wp\/v2\/pages\/42","targetHints":{"allow":["GET"]}}],"collection":[{"href":"https:\/\/sklepgalerialandsberg.pl\/index.php\/wp-json\/wp\/v2\/pages"}],"about":[{"href":"https:\/\/sklepgalerialandsberg.pl\/index.php\/wp-json\/wp\/v2\/types\/page"}],"author":[{"embeddable":true,"href":"https:\/\/sklepgalerialandsberg.pl\/index.php\/wp-json\/wp\/v2\/users\/1"}],"replies":[{"embeddable":true,"href":"https:\/\/sklepgalerialandsberg.pl\/index.php\/wp-json\/wp\/v2\/comments?post=42"}],"version-history":[{"count":3,"href":"https:\/\/sklepgalerialandsberg.pl\/index.php\/wp-json\/wp\/v2\/pages\/42\/revisions"}],"predecessor-version":[{"id":3959,"href":"https:\/\/sklepgalerialandsberg.pl\/index.php\/wp-json\/wp\/v2\/pages\/42\/revisions\/3959"}],"wp:attachment":[{"href":"https:\/\/sklepgalerialandsberg.pl\/index.php\/wp-json\/wp\/v2\/media?parent=42"}],"curies":[{"name":"wp","href":"https:\/\/api.w.org\/{rel}","templated":true}]}}